{"id":247772,"date":"2020-11-19T12:40:36","date_gmt":"2020-11-19T11:40:36","guid":{"rendered":"https:\/\/cheeseit.ch\/?post_type=product&#038;p=247772"},"modified":"2023-03-30T13:45:41","modified_gmt":"2023-03-30T11:45:41","slug":"raclette-pesto","status":"publish","type":"product","link":"https:\/\/cheeseit.ch\/en\/shop\/raclette\/raclette-pesto\/","title":{"rendered":"Raclette Pesto"},"content":{"rendered":"<div class=\"smart-editor-container-fluid container-fluid\" ><div class=\"smart-editor-row row \" ><div class=\"smart-editor-col col-xl-12 col-lg-12 col-md-12 col-sm-12 col-xs-12 offset-xs-0 offset-sm-0 offset-md-0 offset-lg-0 offset-xl-0 \" ><figure class=\"smart_editor_module_image lazyload\" id=\"\"   ><div ><img class=\"preview\" src=\"https:\/\/cheeseit.ch\/wp-content\/uploads\/2020\/11\/raclette-pesto-ansicht-50x28.jpg\"data-src=\"https:\/\/cheeseit.ch\/wp-content\/uploads\/2020\/11\/raclette-pesto-ansicht.jpg\" data-srcset=\"https:\/\/cheeseit.ch\/wp-content\/uploads\/2020\/11\/raclette-pesto-ansicht.jpg 1920w, https:\/\/cheeseit.ch\/wp-content\/uploads\/2020\/11\/raclette-pesto-ansicht-300x169.jpg 300w, https:\/\/cheeseit.ch\/wp-content\/uploads\/2020\/11\/raclette-pesto-ansicht-768x432.jpg 768w, https:\/\/cheeseit.ch\/wp-content\/uploads\/2020\/11\/raclette-pesto-ansicht-1024x576.jpg 1024w, https:\/\/cheeseit.ch\/wp-content\/uploads\/2020\/11\/raclette-pesto-ansicht-50x28.jpg 50w, https:\/\/cheeseit.ch\/wp-content\/uploads\/2020\/11\/raclette-pesto-ansicht-600x338.jpg 600w\" sizes=\"(max-width: 1920px) 100vw, 1920px\" title=\"raclette-pesto-ansicht\" alt=\"\" \/><\/div><\/figure><div  class=\"smart_editor_module_wysiwyg\" ><p><strong>Geschmack\/ Charakter\u00a0<\/strong><\/p>\r\n<p>Wo Pesto draufsteht, ist auch Pesto drin. Pesto und K\u00e4se geh\u00f6ren zusammen das dachte sich auch die Familie Camenzind bei der Entwicklung der neuen Raclette-Kreation. Mit einer speziellen Technik wird das Pesto direkt im K\u00e4se verarbeitet und sorgt f\u00fcr ein unvergessliches Geschmackserlebnis.\u00a0<\/p>\r\n<p>\u00a0<\/p>\r\n<p><strong>Zusammensetzung<\/strong><\/p>\r\n<p><strong>Kuhmilch<\/strong>, Salz, Lab, Kulturen, Pesto (Raps\u00f6l CH, Petersilie CH 31%, Knoblauch CH, Salz CH, Pfeffer schwarz Fr)<\/p>\r\n<p>\u00a0<\/p>\r\n<p><strong>Spezielles zur K\u00e4serei<\/strong><\/p>\r\n<p>Der Familienbetrieb der Camenzinds besteht aus zwei K\u00e4sereien. In Fehraltorf betreiben Armin und Bernadette Camenzind seit 2002 eine Emmentalerk\u00e4serei mit einem grossz\u00fcgigen Verkaufslokal. 2011 wurde die seit 1990 bestehende Emmentalerk\u00e4serei in eine Spezialit\u00e4tenk\u00e4serei umgebaut. Hier werden verschiedene Spezialit\u00e4tenk\u00e4se zum Verkauf in der Region und im eigenen K\u00e4seladen hergestellt. F\u00fcr die Produktion zust\u00e4ndig sind dort Daniel und Franziska Camenzind sowie ihre beiden S\u00f6hne Severin und David.<\/p><\/div><\/div><\/div><\/div>","protected":false},"excerpt":{"rendered":"<p>1 P\u00e4ckli \u00e0 ca. 250g (+\/- 10%)<br \/>\nCHF 46.00\/Kg<\/p>\n","protected":false},"featured_media":247778,"comment_status":"open","ping_status":"closed","template":"","meta":[],"product_cat":[69],"product_tag":[],"acf":[],"_links":{"self":[{"href":"https:\/\/cheeseit.ch\/en\/wp-json\/wp\/v2\/product\/247772"}],"collection":[{"href":"https:\/\/cheeseit.ch\/en\/wp-json\/wp\/v2\/product"}],"about":[{"href":"https:\/\/cheeseit.ch\/en\/wp-json\/wp\/v2\/types\/product"}],"replies":[{"embeddable":true,"href":"https:\/\/cheeseit.ch\/en\/wp-json\/wp\/v2\/comments?post=247772"}],"wp:featuredmedia":[{"embeddable":true,"href":"https:\/\/cheeseit.ch\/en\/wp-json\/wp\/v2\/media\/247778"}],"wp:attachment":[{"href":"https:\/\/cheeseit.ch\/en\/wp-json\/wp\/v2\/media?parent=247772"}],"wp:term":[{"taxonomy":"product_cat","embeddable":true,"href":"https:\/\/cheeseit.ch\/en\/wp-json\/wp\/v2\/product_cat?post=247772"},{"taxonomy":"product_tag","embeddable":true,"href":"https:\/\/cheeseit.ch\/en\/wp-json\/wp\/v2\/product_tag?post=247772"}],"curies":[{"name":"wp","href":"https:\/\/api.w.org\/{rel}","templated":true}]}}