{"id":7001,"date":"2017-11-12T17:54:56","date_gmt":"2017-11-12T16:54:56","guid":{"rendered":"https:\/\/cheeseit.ch\/shop\/raclette-morbier-mit-pflanzlicher-asche\/"},"modified":"2022-09-13T14:23:40","modified_gmt":"2022-09-13T12:23:40","slug":"raclette-morbier-mit-pflanzlicher-asche","status":"publish","type":"product","link":"https:\/\/cheeseit.ch\/en\/shop\/raclette\/raclette-morbier-mit-pflanzlicher-asche\/","title":{"rendered":"Raclette Morbier mit pflanzlicher Asche"},"content":{"rendered":"<div class=\"smart-editor-container-fluid container-fluid\" ><div class=\"smart-editor-row row \" ><div class=\"smart-editor-col col-xl-12 col-lg-12 col-md-12 col-sm-12 col-xs-12 offset-xs-0 offset-sm-0 offset-md-0 offset-lg-0 offset-xl-0 \" ><figure class=\"smart_editor_module_image lazyload\" id=\"\"   ><div ><img class=\"preview\" src=\"https:\/\/cheeseit.ch\/wp-content\/uploads\/2019\/09\/raclette-asche-ansicht-50x28.jpg\"data-src=\"https:\/\/cheeseit.ch\/wp-content\/uploads\/2019\/09\/raclette-asche-ansicht.jpg\" data-srcset=\"https:\/\/cheeseit.ch\/wp-content\/uploads\/2019\/09\/raclette-asche-ansicht.jpg 1919w, https:\/\/cheeseit.ch\/wp-content\/uploads\/2019\/09\/raclette-asche-ansicht-300x169.jpg 300w, https:\/\/cheeseit.ch\/wp-content\/uploads\/2019\/09\/raclette-asche-ansicht-768x432.jpg 768w, https:\/\/cheeseit.ch\/wp-content\/uploads\/2019\/09\/raclette-asche-ansicht-1024x576.jpg 1024w, https:\/\/cheeseit.ch\/wp-content\/uploads\/2019\/09\/raclette-asche-ansicht-50x28.jpg 50w, https:\/\/cheeseit.ch\/wp-content\/uploads\/2019\/09\/raclette-asche-ansicht-600x338.jpg 600w\" sizes=\"(max-width: 1919px) 100vw, 1919px\" title=\"Raclette Asche\" alt=\"Produkt Ansicht Bild Raclette Asche\" \/><\/div><\/figure><div  class=\"smart_editor_module_wysiwyg\" ><p>Morbier ist ein halbfester Schnittk\u00e4se aus der franz\u00f6sischen Region Franche-Comt\u00e9. Der K\u00e4seteig ist elfenbeinfarben bis hellgelb. Seine Konsistenz ist weich, cremig, von feiner Textur und mit rahmigem Geschmack, der mit zunehmender Reife leicht fruchtig bis kr\u00e4ftig aromatisch wird. Charakteristisches Merkmal des Morbier ist der waagerechte Streifen von Pflanzenasche in der Mitte des K\u00e4ses. Aufgrund seiner guten Schmelzeigenschaft wird Morbier gern als Raclettek\u00e4se verwendet.<\/p><\/div><\/div><\/div><\/div>","protected":false},"excerpt":{"rendered":"<p>1 P\u00e4ckli \u00e0 ca. 250g ( +\/- 10%)<br \/>\nCHF 37.20 \/ 1 Kg<\/p>\n","protected":false},"featured_media":26239,"comment_status":"open","ping_status":"closed","template":"","meta":[],"product_cat":[69],"product_tag":[],"acf":[],"_links":{"self":[{"href":"https:\/\/cheeseit.ch\/en\/wp-json\/wp\/v2\/product\/7001"}],"collection":[{"href":"https:\/\/cheeseit.ch\/en\/wp-json\/wp\/v2\/product"}],"about":[{"href":"https:\/\/cheeseit.ch\/en\/wp-json\/wp\/v2\/types\/product"}],"replies":[{"embeddable":true,"href":"https:\/\/cheeseit.ch\/en\/wp-json\/wp\/v2\/comments?post=7001"}],"wp:featuredmedia":[{"embeddable":true,"href":"https:\/\/cheeseit.ch\/en\/wp-json\/wp\/v2\/media\/26239"}],"wp:attachment":[{"href":"https:\/\/cheeseit.ch\/en\/wp-json\/wp\/v2\/media?parent=7001"}],"wp:term":[{"taxonomy":"product_cat","embeddable":true,"href":"https:\/\/cheeseit.ch\/en\/wp-json\/wp\/v2\/product_cat?post=7001"},{"taxonomy":"product_tag","embeddable":true,"href":"https:\/\/cheeseit.ch\/en\/wp-json\/wp\/v2\/product_tag?post=7001"}],"curies":[{"name":"wp","href":"https:\/\/api.w.org\/{rel}","templated":true}]}}