{"id":7097,"date":"2017-11-12T17:54:56","date_gmt":"2017-11-12T16:54:56","guid":{"rendered":"https:\/\/cheeseit.ch\/shop\/raclette-speck\/"},"modified":"2024-09-10T00:24:27","modified_gmt":"2024-09-09T22:24:27","slug":"raclette-speck","status":"publish","type":"product","link":"https:\/\/cheeseit.ch\/en\/shop\/raclette\/raclette-speck\/","title":{"rendered":"Raclette Speck"},"content":{"rendered":"<div class=\"smart-editor-container-fluid container-fluid\" ><div class=\"smart-editor-row row \" ><div class=\"smart-editor-col col-xl-12 col-lg-12 col-md-12 col-sm-12 col-xs-12 offset-xs-0 offset-sm-0 offset-md-0 offset-lg-0 offset-xl-0 \" ><figure class=\"smart_editor_module_image lazyload\" id=\"\"   ><div ><img class=\"preview\" src=\"https:\/\/cheeseit.ch\/wp-content\/uploads\/2019\/09\/raclette-speck-50x28.jpg\"data-src=\"https:\/\/cheeseit.ch\/wp-content\/uploads\/2019\/09\/raclette-speck.jpg\" data-srcset=\"https:\/\/cheeseit.ch\/wp-content\/uploads\/2019\/09\/raclette-speck.jpg 1919w, https:\/\/cheeseit.ch\/wp-content\/uploads\/2019\/09\/raclette-speck-300x169.jpg 300w, https:\/\/cheeseit.ch\/wp-content\/uploads\/2019\/09\/raclette-speck-768x432.jpg 768w, https:\/\/cheeseit.ch\/wp-content\/uploads\/2019\/09\/raclette-speck-1024x576.jpg 1024w, https:\/\/cheeseit.ch\/wp-content\/uploads\/2019\/09\/raclette-speck-50x28.jpg 50w, https:\/\/cheeseit.ch\/wp-content\/uploads\/2019\/09\/raclette-speck-600x338.jpg 600w\" sizes=\"(max-width: 1919px) 100vw, 1919px\" title=\"Produkt Ansicht Bild Raclette Speck\" alt=\"Produkt Ansicht Bild Raclette Speck\" \/><\/div><\/figure><div  class=\"smart_editor_module_wysiwyg\" ><p>Dieser Raclette K\u00e4se wird in der S\u00e4ntis K\u00e4serei Genossenschaft in Wittenbach produziert. K\u00e4se und Speck \u2013 eine pfiffige und aromatische Kombination f\u00fcr alle, die es gern rustikal m\u00f6gen.<\/p><\/div><\/div><\/div><\/div>","protected":false},"excerpt":{"rendered":"<p>1 P\u00e4ckli \u00e0 ca. 250g ( +\/- 10%)<br \/>\nCHF 37.20 \/ 1 Kg<\/p>\n","protected":false},"featured_media":18876,"comment_status":"open","ping_status":"closed","template":"","meta":[],"product_cat":[69],"product_tag":[],"acf":[],"_links":{"self":[{"href":"https:\/\/cheeseit.ch\/en\/wp-json\/wp\/v2\/product\/7097"}],"collection":[{"href":"https:\/\/cheeseit.ch\/en\/wp-json\/wp\/v2\/product"}],"about":[{"href":"https:\/\/cheeseit.ch\/en\/wp-json\/wp\/v2\/types\/product"}],"replies":[{"embeddable":true,"href":"https:\/\/cheeseit.ch\/en\/wp-json\/wp\/v2\/comments?post=7097"}],"wp:featuredmedia":[{"embeddable":true,"href":"https:\/\/cheeseit.ch\/en\/wp-json\/wp\/v2\/media\/18876"}],"wp:attachment":[{"href":"https:\/\/cheeseit.ch\/en\/wp-json\/wp\/v2\/media?parent=7097"}],"wp:term":[{"taxonomy":"product_cat","embeddable":true,"href":"https:\/\/cheeseit.ch\/en\/wp-json\/wp\/v2\/product_cat?post=7097"},{"taxonomy":"product_tag","embeddable":true,"href":"https:\/\/cheeseit.ch\/en\/wp-json\/wp\/v2\/product_tag?post=7097"}],"curies":[{"name":"wp","href":"https:\/\/api.w.org\/{rel}","templated":true}]}}