{"id":7169,"date":"2017-11-12T17:54:57","date_gmt":"2017-11-12T16:54:57","guid":{"rendered":"https:\/\/cheeseit.ch\/shop\/raclette-kuerbiskern-curry\/"},"modified":"2023-11-06T16:46:36","modified_gmt":"2023-11-06T15:46:36","slug":"raclette-kuerbiskern-curry","status":"publish","type":"product","link":"https:\/\/cheeseit.ch\/en\/shop\/raclette\/raclette-kuerbiskern-curry\/","title":{"rendered":"Raclette K\u00fcrbiskern-Curry"},"content":{"rendered":"<div class=\"smart-editor-container-fluid container-fluid\" ><div class=\"smart-editor-row row \" ><div class=\"smart-editor-col col-xl-12 col-lg-12 col-md-12 col-sm-12 col-xs-12 offset-xs-0 offset-sm-0 offset-md-0 offset-lg-0 offset-xl-0 \" ><figure class=\"smart_editor_module_image lazyload\" id=\"\"   ><div ><img class=\"preview\" src=\"https:\/\/cheeseit.ch\/wp-content\/uploads\/2019\/09\/raclette-kuerbiskern-curry-ansicht-50x28.jpg\"data-src=\"https:\/\/cheeseit.ch\/wp-content\/uploads\/2019\/09\/raclette-kuerbiskern-curry-ansicht.jpg\" data-srcset=\"https:\/\/cheeseit.ch\/wp-content\/uploads\/2019\/09\/raclette-kuerbiskern-curry-ansicht.jpg 1919w, https:\/\/cheeseit.ch\/wp-content\/uploads\/2019\/09\/raclette-kuerbiskern-curry-ansicht-300x169.jpg 300w, https:\/\/cheeseit.ch\/wp-content\/uploads\/2019\/09\/raclette-kuerbiskern-curry-ansicht-768x432.jpg 768w, https:\/\/cheeseit.ch\/wp-content\/uploads\/2019\/09\/raclette-kuerbiskern-curry-ansicht-1024x576.jpg 1024w, https:\/\/cheeseit.ch\/wp-content\/uploads\/2019\/09\/raclette-kuerbiskern-curry-ansicht-50x28.jpg 50w, https:\/\/cheeseit.ch\/wp-content\/uploads\/2019\/09\/raclette-kuerbiskern-curry-ansicht-600x338.jpg 600w\" sizes=\"(max-width: 1919px) 100vw, 1919px\" title=\"Produkt Ansicht Bild Raclette K\u00fcrbiskern Curry\" alt=\"Produkt Ansicht Bild Raclette K\u00fcrbiskern Curry\" \/><\/div><\/figure><div  class=\"smart_editor_module_wysiwyg\" ><p>Dieser Raclettek\u00e4se wird in der K\u00e4serei Camenzind in Fehraltdorf produziert. Die nussig-w\u00fcrzige Kombination ist einzigartig. Der K\u00e4se \u00fcberzeugt ebenso mit seiner unverwechselbaren Optik wie mit dem einzigartigen Geschmack.<\/p><\/div><\/div><\/div><\/div>","protected":false},"excerpt":{"rendered":"<p>1 P\u00e4ckli \u00e0 ca. 250g ( +\/- 10%)<br \/>\nCHF 50.00 \/ 1 Kg<\/p>\n<p>Limitierter K\u00e4se &#8211; nur solange Vorrat<\/p>\n","protected":false},"featured_media":19202,"comment_status":"open","ping_status":"closed","template":"","meta":[],"product_cat":[69],"product_tag":[],"acf":[],"_links":{"self":[{"href":"https:\/\/cheeseit.ch\/en\/wp-json\/wp\/v2\/product\/7169"}],"collection":[{"href":"https:\/\/cheeseit.ch\/en\/wp-json\/wp\/v2\/product"}],"about":[{"href":"https:\/\/cheeseit.ch\/en\/wp-json\/wp\/v2\/types\/product"}],"replies":[{"embeddable":true,"href":"https:\/\/cheeseit.ch\/en\/wp-json\/wp\/v2\/comments?post=7169"}],"wp:featuredmedia":[{"embeddable":true,"href":"https:\/\/cheeseit.ch\/en\/wp-json\/wp\/v2\/media\/19202"}],"wp:attachment":[{"href":"https:\/\/cheeseit.ch\/en\/wp-json\/wp\/v2\/media?parent=7169"}],"wp:term":[{"taxonomy":"product_cat","embeddable":true,"href":"https:\/\/cheeseit.ch\/en\/wp-json\/wp\/v2\/product_cat?post=7169"},{"taxonomy":"product_tag","embeddable":true,"href":"https:\/\/cheeseit.ch\/en\/wp-json\/wp\/v2\/product_tag?post=7169"}],"curies":[{"name":"wp","href":"https:\/\/api.w.org\/{rel}","templated":true}]}}