{"id":7181,"date":"2017-11-12T17:54:57","date_gmt":"2017-11-12T16:54:57","guid":{"rendered":"https:\/\/cheeseit.ch\/shop\/raclette-portwein\/"},"modified":"2024-09-26T19:02:58","modified_gmt":"2024-09-26T17:02:58","slug":"raclette-portwein","status":"publish","type":"product","link":"https:\/\/cheeseit.ch\/en\/shop\/raclette\/raclette-portwein\/","title":{"rendered":"Raclette Portwein"},"content":{"rendered":"<div class=\"smart-editor-container-fluid container-fluid\" ><div class=\"smart-editor-row row \" ><div class=\"smart-editor-col col-xl-12 col-lg-12 col-md-12 col-sm-12 col-xs-12 offset-xs-0 offset-sm-0 offset-md-0 offset-lg-0 offset-xl-0 \" ><figure class=\"smart_editor_module_image lazyload\" id=\"\"   ><div ><img class=\"preview\" src=\"https:\/\/cheeseit.ch\/wp-content\/uploads\/2019\/09\/raclette-portwein-ansicht-50x28.jpg\"data-src=\"https:\/\/cheeseit.ch\/wp-content\/uploads\/2019\/09\/raclette-portwein-ansicht.jpg\" data-srcset=\"https:\/\/cheeseit.ch\/wp-content\/uploads\/2019\/09\/raclette-portwein-ansicht.jpg 1919w, https:\/\/cheeseit.ch\/wp-content\/uploads\/2019\/09\/raclette-portwein-ansicht-300x169.jpg 300w, https:\/\/cheeseit.ch\/wp-content\/uploads\/2019\/09\/raclette-portwein-ansicht-768x432.jpg 768w, https:\/\/cheeseit.ch\/wp-content\/uploads\/2019\/09\/raclette-portwein-ansicht-1024x576.jpg 1024w, https:\/\/cheeseit.ch\/wp-content\/uploads\/2019\/09\/raclette-portwein-ansicht-50x28.jpg 50w, https:\/\/cheeseit.ch\/wp-content\/uploads\/2019\/09\/raclette-portwein-ansicht-600x338.jpg 600w\" sizes=\"(max-width: 1919px) 100vw, 1919px\" title=\"Produkt Ansicht Bild Raclette Portwein\" alt=\"Produkt Ansicht Bild Raclette Portwein\" \/><\/div><\/figure><div  class=\"smart_editor_module_wysiwyg\" ><p>Dieser Raclettek\u00e4se wird in der K\u00e4serei Camenzind in Fehraltdorf produziert. Durch die Veredelung mit Portwein erh\u00e4lt dieser spezielle Raclettek\u00e4se seine aussergew\u00f6hnliche Zeichnung. Der Geschmack ist leicht rezent mit einem fruchtigen Eindruck. Ein Muss zum Ausprobieren!<\/p><\/div><\/div><\/div><\/div>","protected":false},"excerpt":{"rendered":"<p>1 P\u00e4ckli \u00e0 ca. 250g ( + \/- 10%)<br \/>\nCHF 47.60 \/ 1 Kg<\/p>\n","protected":false},"featured_media":19218,"comment_status":"open","ping_status":"closed","template":"","meta":[],"product_cat":[69],"product_tag":[],"acf":[],"_links":{"self":[{"href":"https:\/\/cheeseit.ch\/en\/wp-json\/wp\/v2\/product\/7181"}],"collection":[{"href":"https:\/\/cheeseit.ch\/en\/wp-json\/wp\/v2\/product"}],"about":[{"href":"https:\/\/cheeseit.ch\/en\/wp-json\/wp\/v2\/types\/product"}],"replies":[{"embeddable":true,"href":"https:\/\/cheeseit.ch\/en\/wp-json\/wp\/v2\/comments?post=7181"}],"wp:featuredmedia":[{"embeddable":true,"href":"https:\/\/cheeseit.ch\/en\/wp-json\/wp\/v2\/media\/19218"}],"wp:attachment":[{"href":"https:\/\/cheeseit.ch\/en\/wp-json\/wp\/v2\/media?parent=7181"}],"wp:term":[{"taxonomy":"product_cat","embeddable":true,"href":"https:\/\/cheeseit.ch\/en\/wp-json\/wp\/v2\/product_cat?post=7181"},{"taxonomy":"product_tag","embeddable":true,"href":"https:\/\/cheeseit.ch\/en\/wp-json\/wp\/v2\/product_tag?post=7181"}],"curies":[{"name":"wp","href":"https:\/\/api.w.org\/{rel}","templated":true}]}}