{"id":7409,"date":"2018-10-30T17:27:43","date_gmt":"2018-10-30T16:27:43","guid":{"rendered":"https:\/\/cheeseit.ch\/shop\/raclette-safran\/"},"modified":"2024-08-23T03:40:58","modified_gmt":"2024-08-23T01:40:58","slug":"raclette-safran","status":"publish","type":"product","link":"https:\/\/cheeseit.ch\/en\/shop\/raclette\/raclette-safran\/","title":{"rendered":"Raclette Safran"},"content":{"rendered":"<div class=\"smart-editor-container-fluid container-fluid\" ><div class=\"smart-editor-row row \" ><div class=\"smart-editor-col col-xl-12 col-lg-12 col-md-12 col-sm-12 col-xs-12 offset-xs-0 offset-sm-0 offset-md-0 offset-lg-0 offset-xl-0 \" ><figure class=\"smart_editor_module_image lazyload\" id=\"\"   ><div ><img class=\"preview\" src=\"https:\/\/cheeseit.ch\/wp-content\/uploads\/2019\/09\/raclette-saffran-ansicht-50x28.png\"data-src=\"https:\/\/cheeseit.ch\/wp-content\/uploads\/2019\/09\/raclette-saffran-ansicht.png\" data-srcset=\"https:\/\/cheeseit.ch\/wp-content\/uploads\/2019\/09\/raclette-saffran-ansicht.png 1920w, https:\/\/cheeseit.ch\/wp-content\/uploads\/2019\/09\/raclette-saffran-ansicht-300x169.png 300w, https:\/\/cheeseit.ch\/wp-content\/uploads\/2019\/09\/raclette-saffran-ansicht-768x432.png 768w, https:\/\/cheeseit.ch\/wp-content\/uploads\/2019\/09\/raclette-saffran-ansicht-1024x576.png 1024w, https:\/\/cheeseit.ch\/wp-content\/uploads\/2019\/09\/raclette-saffran-ansicht-50x28.png 50w, https:\/\/cheeseit.ch\/wp-content\/uploads\/2019\/09\/raclette-saffran-ansicht-600x338.png 600w\" sizes=\"(max-width: 1920px) 100vw, 1920px\" title=\"Produkt BIld Ansicht Raclette Saffran\" alt=\"Produkt BIld Ansicht Raclette Saffran\" \/><\/div><\/figure><div  class=\"smart_editor_module_wysiwyg\" ><p>Dieser Raclettek\u00e4se wird in der K\u00e4serei B\u00fcrki in Herschmettlen produziert. Der K\u00e4seteig ist mit Safranf\u00e4den durchzogen. Geschmacklich \u00fcberzeugt der K\u00e4se mit seinem blumigem, herrlichen Duft, sowie seinem exotischem Aroma.<\/p><\/div><\/div><\/div><\/div>","protected":false},"excerpt":{"rendered":"<p>1 P\u00e4ckli \u00e0 ca. 250g ( +\/- 10%)<br \/>\nCHF 54.80 \/ 1 Kg<\/p>\n","protected":false},"featured_media":19090,"comment_status":"open","ping_status":"closed","template":"","meta":[],"product_cat":[69],"product_tag":[],"acf":[],"_links":{"self":[{"href":"https:\/\/cheeseit.ch\/en\/wp-json\/wp\/v2\/product\/7409"}],"collection":[{"href":"https:\/\/cheeseit.ch\/en\/wp-json\/wp\/v2\/product"}],"about":[{"href":"https:\/\/cheeseit.ch\/en\/wp-json\/wp\/v2\/types\/product"}],"replies":[{"embeddable":true,"href":"https:\/\/cheeseit.ch\/en\/wp-json\/wp\/v2\/comments?post=7409"}],"wp:featuredmedia":[{"embeddable":true,"href":"https:\/\/cheeseit.ch\/en\/wp-json\/wp\/v2\/media\/19090"}],"wp:attachment":[{"href":"https:\/\/cheeseit.ch\/en\/wp-json\/wp\/v2\/media?parent=7409"}],"wp:term":[{"taxonomy":"product_cat","embeddable":true,"href":"https:\/\/cheeseit.ch\/en\/wp-json\/wp\/v2\/product_cat?post=7409"},{"taxonomy":"product_tag","embeddable":true,"href":"https:\/\/cheeseit.ch\/en\/wp-json\/wp\/v2\/product_tag?post=7409"}],"curies":[{"name":"wp","href":"https:\/\/api.w.org\/{rel}","templated":true}]}}