{"id":247773,"date":"2020-11-19T12:40:37","date_gmt":"2020-11-19T11:40:37","guid":{"rendered":"https:\/\/cheeseit.ch\/?post_type=product&#038;p=247773"},"modified":"2023-10-07T15:58:12","modified_gmt":"2023-10-07T13:58:12","slug":"raclette-rosa-pfeffer","status":"publish","type":"product","link":"https:\/\/cheeseit.ch\/fr\/shop\/raclette\/raclette-rosa-pfeffer\/","title":{"rendered":"Raclette Rosa Pfeffer"},"content":{"rendered":"<div class=\"smart-editor-container-fluid container-fluid\" ><div class=\"smart-editor-row row \" ><div class=\"smart-editor-col col-xl-12 col-lg-12 col-md-12 col-sm-12 col-xs-12 offset-xs-0 offset-sm-0 offset-md-0 offset-lg-0 offset-xl-0 \" ><figure class=\"smart_editor_module_image lazyload\" id=\"\"   ><div ><img class=\"preview\" src=\"https:\/\/cheeseit.ch\/wp-content\/uploads\/2020\/11\/raclette-rosa-pfeffer-ansicht-50x28.jpg\"data-src=\"https:\/\/cheeseit.ch\/wp-content\/uploads\/2020\/11\/raclette-rosa-pfeffer-ansicht.jpg\" data-srcset=\"https:\/\/cheeseit.ch\/wp-content\/uploads\/2020\/11\/raclette-rosa-pfeffer-ansicht.jpg 1920w, https:\/\/cheeseit.ch\/wp-content\/uploads\/2020\/11\/raclette-rosa-pfeffer-ansicht-300x169.jpg 300w, https:\/\/cheeseit.ch\/wp-content\/uploads\/2020\/11\/raclette-rosa-pfeffer-ansicht-768x432.jpg 768w, https:\/\/cheeseit.ch\/wp-content\/uploads\/2020\/11\/raclette-rosa-pfeffer-ansicht-1024x576.jpg 1024w, https:\/\/cheeseit.ch\/wp-content\/uploads\/2020\/11\/raclette-rosa-pfeffer-ansicht-50x28.jpg 50w, https:\/\/cheeseit.ch\/wp-content\/uploads\/2020\/11\/raclette-rosa-pfeffer-ansicht-600x338.jpg 600w\" sizes=\"(max-width: 1920px) 100vw, 1920px\" title=\"raclette-rosa-pfeffer-ansicht\" alt=\"\" \/><\/div><\/figure><div  class=\"smart_editor_module_wysiwyg\" ><p><strong>Geschmack\/ Charakter\u00a0<\/strong><\/p>\r\n<p>Der rosa Pfeffer hat einen w\u00fcrzigen Geschmack und schmeckt fruchtiger als die anderen Pfeffersorten.\u00a0<\/p>\r\n<p>\u00a0<\/p>\r\n<p><strong>Zusammensetzung<\/strong><\/p>\r\n<p><strong>Kuhmilch<\/strong>, Salz, Lab, Kulturen, rosa Pfeffer<\/p>\r\n<p>\u00a0<\/p>\r\n<p><strong>Spezielles zur K\u00e4serei<\/strong><\/p>\r\n<p>Die K\u00e4serei Herschmetteln ist ein Familienbetrieb von B\u00fcrki&rsquo;s. Stefan B\u00fcrki, ist gelernter K\u00e4ser mit Meisterpr\u00fcfung, ist Milchk\u00e4ufer und P\u00e4chter der K\u00e4serei und Verantwortlich f\u00fcr die Entwicklung, die Produktion, die Qualit\u00e4t und den Verkauf der diversen K\u00e4sespezialit\u00e4ten. Stephanie B\u00fcrki k\u00fcmmert sich um die Verwaltung, die Buchhaltung und den Verkaufsladen. Der Betrieb besteht aus einem Team von sieben Mitarbeitern. Sie stellen sicher, dass die von den Milchproduzenten gelieferte Rohmilch zu qualitativ hochstehenden K\u00e4sespezialit\u00e4ten veredelt wird.\u00a0<\/p><\/div><\/div><\/div><\/div>","protected":false},"excerpt":{"rendered":"<p>1 P\u00e4ckli \u00e0 ca. 250g (+\/- 10%)<br \/>\nCHF 37.60\/Kg<\/p>\n","protected":false},"featured_media":247774,"comment_status":"open","ping_status":"closed","template":"","meta":[],"product_cat":[69],"product_tag":[],"acf":[],"_links":{"self":[{"href":"https:\/\/cheeseit.ch\/fr\/wp-json\/wp\/v2\/product\/247773"}],"collection":[{"href":"https:\/\/cheeseit.ch\/fr\/wp-json\/wp\/v2\/product"}],"about":[{"href":"https:\/\/cheeseit.ch\/fr\/wp-json\/wp\/v2\/types\/product"}],"replies":[{"embeddable":true,"href":"https:\/\/cheeseit.ch\/fr\/wp-json\/wp\/v2\/comments?post=247773"}],"wp:featuredmedia":[{"embeddable":true,"href":"https:\/\/cheeseit.ch\/fr\/wp-json\/wp\/v2\/media\/247774"}],"wp:attachment":[{"href":"https:\/\/cheeseit.ch\/fr\/wp-json\/wp\/v2\/media?parent=247773"}],"wp:term":[{"taxonomy":"product_cat","embeddable":true,"href":"https:\/\/cheeseit.ch\/fr\/wp-json\/wp\/v2\/product_cat?post=247773"},{"taxonomy":"product_tag","embeddable":true,"href":"https:\/\/cheeseit.ch\/fr\/wp-json\/wp\/v2\/product_tag?post=247773"}],"curies":[{"name":"wp","href":"https:\/\/api.w.org\/{rel}","templated":true}]}}