{"id":6977,"date":"2017-11-12T17:54:56","date_gmt":"2017-11-12T16:54:56","guid":{"rendered":"https:\/\/cheeseit.ch\/shop\/raclette-pfeffer-gruen\/"},"modified":"2023-03-30T13:47:47","modified_gmt":"2023-03-30T11:47:47","slug":"raclette-pfeffer-gruen","status":"publish","type":"product","link":"https:\/\/cheeseit.ch\/it\/shop\/raclette\/raclette-pfeffer-gruen\/","title":{"rendered":"Raclette Pfeffer gr\u00fcn"},"content":{"rendered":"<div class=\"smart-editor-container-fluid container-fluid\" ><div class=\"smart-editor-row row \" ><div class=\"smart-editor-col col-xl-12 col-lg-12 col-md-12 col-sm-12 col-xs-12 offset-xs-0 offset-sm-0 offset-md-0 offset-lg-0 offset-xl-0 \" ><figure class=\"smart_editor_module_image lazyload\" id=\"\"   ><div ><img class=\"preview\" src=\"https:\/\/cheeseit.ch\/wp-content\/uploads\/2019\/09\/raclette-pfeffer-gruen-ansicht-50x28.jpg\"data-src=\"https:\/\/cheeseit.ch\/wp-content\/uploads\/2019\/09\/raclette-pfeffer-gruen-ansicht.jpg\" data-srcset=\"https:\/\/cheeseit.ch\/wp-content\/uploads\/2019\/09\/raclette-pfeffer-gruen-ansicht.jpg 1919w, https:\/\/cheeseit.ch\/wp-content\/uploads\/2019\/09\/raclette-pfeffer-gruen-ansicht-300x169.jpg 300w, https:\/\/cheeseit.ch\/wp-content\/uploads\/2019\/09\/raclette-pfeffer-gruen-ansicht-768x432.jpg 768w, https:\/\/cheeseit.ch\/wp-content\/uploads\/2019\/09\/raclette-pfeffer-gruen-ansicht-1024x576.jpg 1024w, https:\/\/cheeseit.ch\/wp-content\/uploads\/2019\/09\/raclette-pfeffer-gruen-ansicht-50x28.jpg 50w, https:\/\/cheeseit.ch\/wp-content\/uploads\/2019\/09\/raclette-pfeffer-gruen-ansicht-600x338.jpg 600w\" sizes=\"(max-width: 1919px) 100vw, 1919px\" title=\"Produkt Ansicht Bild Raclette Pfeffer Gr\u00fcn\" alt=\"Produkt Ansicht Bild Raclette Pfeffer Gr\u00fcn\" \/><\/div><\/figure><div  class=\"smart_editor_module_wysiwyg\" ><p>Dieser Raclettek\u00e4se wird in der K\u00e4serei B\u00fcrki in Herschmettlen produziert. Dieser K\u00e4se zeichnet sich aus durch seine Zartschmelzigkeit. Der gr\u00fcne Pfeffer weist einen w\u00fcrzigen Geschmack auf und ist eine Spur fruchtiger als schwarzer Pfeffer.<\/p><\/div><\/div><\/div><\/div>","protected":false},"excerpt":{"rendered":"<p>1 P\u00e4ckli \u00e0 ca. 250g ( +\/- 10%)<br \/>\nCHF 37.20 \/ 1 Kg<\/p>\n","protected":false},"featured_media":19235,"comment_status":"open","ping_status":"closed","template":"","meta":[],"product_cat":[69],"product_tag":[],"acf":[],"_links":{"self":[{"href":"https:\/\/cheeseit.ch\/it\/wp-json\/wp\/v2\/product\/6977"}],"collection":[{"href":"https:\/\/cheeseit.ch\/it\/wp-json\/wp\/v2\/product"}],"about":[{"href":"https:\/\/cheeseit.ch\/it\/wp-json\/wp\/v2\/types\/product"}],"replies":[{"embeddable":true,"href":"https:\/\/cheeseit.ch\/it\/wp-json\/wp\/v2\/comments?post=6977"}],"wp:featuredmedia":[{"embeddable":true,"href":"https:\/\/cheeseit.ch\/it\/wp-json\/wp\/v2\/media\/19235"}],"wp:attachment":[{"href":"https:\/\/cheeseit.ch\/it\/wp-json\/wp\/v2\/media?parent=6977"}],"wp:term":[{"taxonomy":"product_cat","embeddable":true,"href":"https:\/\/cheeseit.ch\/it\/wp-json\/wp\/v2\/product_cat?post=6977"},{"taxonomy":"product_tag","embeddable":true,"href":"https:\/\/cheeseit.ch\/it\/wp-json\/wp\/v2\/product_tag?post=6977"}],"curies":[{"name":"wp","href":"https:\/\/api.w.org\/{rel}","templated":true}]}}