{"id":6989,"date":"2017-11-12T17:54:56","date_gmt":"2017-11-12T16:54:56","guid":{"rendered":"https:\/\/cheeseit.ch\/shop\/raclette-mit-weisswein\/"},"modified":"2024-07-20T20:59:48","modified_gmt":"2024-07-20T18:59:48","slug":"raclette-mit-weisswein","status":"publish","type":"product","link":"https:\/\/cheeseit.ch\/it\/shop\/raclette\/raclette-mit-weisswein\/","title":{"rendered":"Raclette mit Weisswein"},"content":{"rendered":"<div class=\"smart-editor-container-fluid container-fluid\" ><div class=\"smart-editor-row row \" ><div class=\"smart-editor-col col-xl-12 col-lg-12 col-md-12 col-sm-12 col-xs-12 offset-xs-0 offset-sm-0 offset-md-0 offset-lg-0 offset-xl-0 \" ><figure class=\"smart_editor_module_image lazyload\" id=\"\"   ><div ><img class=\"preview\" src=\"https:\/\/cheeseit.ch\/wp-content\/uploads\/2019\/09\/raclette-weisswein-ansicht-50x28.jpg\"data-src=\"https:\/\/cheeseit.ch\/wp-content\/uploads\/2019\/09\/raclette-weisswein-ansicht.jpg\" data-srcset=\"https:\/\/cheeseit.ch\/wp-content\/uploads\/2019\/09\/raclette-weisswein-ansicht.jpg 1919w, https:\/\/cheeseit.ch\/wp-content\/uploads\/2019\/09\/raclette-weisswein-ansicht-300x169.jpg 300w, https:\/\/cheeseit.ch\/wp-content\/uploads\/2019\/09\/raclette-weisswein-ansicht-768x432.jpg 768w, https:\/\/cheeseit.ch\/wp-content\/uploads\/2019\/09\/raclette-weisswein-ansicht-1024x576.jpg 1024w, https:\/\/cheeseit.ch\/wp-content\/uploads\/2019\/09\/raclette-weisswein-ansicht-50x28.jpg 50w, https:\/\/cheeseit.ch\/wp-content\/uploads\/2019\/09\/raclette-weisswein-ansicht-600x338.jpg 600w\" sizes=\"(max-width: 1919px) 100vw, 1919px\" title=\"Produkt Ansicht Bild Raclette Weisswein\" alt=\"Produkt Ansicht Bild Raclette Weisswein\" \/><\/div><\/figure><div  class=\"smart_editor_module_wysiwyg\" ><p>Dieser Raclettek\u00e4se wird in der K\u00e4serei Seiler in Sarnen produziert. Seine hervorragende Schmelzbarkeit, die feine, cremige Konsistenz und der typische Geschmack machen diesen K\u00e4se zu einem exzellenten Produkt.\u00a0 Eine zarte \u00dcberraschung mit einem feinen Hauch von Weisswein l\u00e4sst den geschmolzenen K\u00e4se auf der Zunge noch besser zergehen. <strong>Er wurde bereits mehrmals mit dem Swiss Cheese Award ausgezeichnet.<\/strong><\/p><\/div><\/div><\/div><\/div>","protected":false},"excerpt":{"rendered":"<p>1 P\u00e4ckli \u00e0 ca. 250g ( +\/- 10%)<br \/>\nCHF 41.60 \/ 1 Kg<\/p>\n","protected":false},"featured_media":19233,"comment_status":"open","ping_status":"closed","template":"","meta":[],"product_cat":[69],"product_tag":[],"acf":[],"_links":{"self":[{"href":"https:\/\/cheeseit.ch\/it\/wp-json\/wp\/v2\/product\/6989"}],"collection":[{"href":"https:\/\/cheeseit.ch\/it\/wp-json\/wp\/v2\/product"}],"about":[{"href":"https:\/\/cheeseit.ch\/it\/wp-json\/wp\/v2\/types\/product"}],"replies":[{"embeddable":true,"href":"https:\/\/cheeseit.ch\/it\/wp-json\/wp\/v2\/comments?post=6989"}],"wp:featuredmedia":[{"embeddable":true,"href":"https:\/\/cheeseit.ch\/it\/wp-json\/wp\/v2\/media\/19233"}],"wp:attachment":[{"href":"https:\/\/cheeseit.ch\/it\/wp-json\/wp\/v2\/media?parent=6989"}],"wp:term":[{"taxonomy":"product_cat","embeddable":true,"href":"https:\/\/cheeseit.ch\/it\/wp-json\/wp\/v2\/product_cat?post=6989"},{"taxonomy":"product_tag","embeddable":true,"href":"https:\/\/cheeseit.ch\/it\/wp-json\/wp\/v2\/product_tag?post=6989"}],"curies":[{"name":"wp","href":"https:\/\/api.w.org\/{rel}","templated":true}]}}